{"id":1707,"date":"2023-12-28T13:39:52","date_gmt":"2023-12-28T13:39:52","guid":{"rendered":"https:\/\/clonebyme.com\/?page_id=1707"},"modified":"2025-05-16T14:20:53","modified_gmt":"2025-05-16T14:20:53","slug":"clausula-informativa","status":"publish","type":"page","link":"https:\/\/clonebyme.com\/en\/clausula-informativa","title":{"rendered":"Clausula Informativa"},"content":{"rendered":"<style>.elementor-1707 .elementor-element.elementor-element-f36f2d4:not(.elementor-motion-effects-element-type-background), .elementor-1707 .elementor-element.elementor-element-f36f2d4 > .elementor-motion-effects-container > .elementor-motion-effects-layer{background-color:#FFFFFF;}.elementor-1707 .elementor-element.elementor-element-f36f2d4{transition:background 0.3s, border 0.3s, border-radius 0.3s, box-shadow 0.3s;padding:100px 100px 100px 100px;z-index:5;}.elementor-1707 .elementor-element.elementor-element-f36f2d4 > .elementor-background-overlay{transition:background 0.3s, border-radius 0.3s, opacity 0.3s;}<\/style>\t\t<div data-elementor-type=\"wp-page\" data-elementor-id=\"1707\" class=\"elementor elementor-1707\">\n\t\t\t\t\t\t<section class=\"elementor-section elementor-top-section elementor-element elementor-element-f36f2d4 elementor-section-boxed elementor-section-height-default elementor-section-height-default\" data-id=\"f36f2d4\" data-element_type=\"section\" data-settings=\"{&quot;background_background&quot;:&quot;classic&quot;}\">\n\t\t\t\t\t\t<div class=\"elementor-container elementor-column-gap-default\">\n\t\t\t\t\t<div class=\"elementor-column elementor-col-100 elementor-top-column elementor-element elementor-element-2cc9d7f\" data-id=\"2cc9d7f\" data-element_type=\"column\">\n\t\t\t<div class=\"elementor-widget-wrap elementor-element-populated\">\n\t\t\t\t\t\t<div class=\"elementor-element elementor-element-eda4b86 elementor-widget elementor-widget-text-editor\" data-id=\"eda4b86\" data-element_type=\"widget\" data-widget_type=\"text-editor.default\">\n\t\t\t\t<div class=\"elementor-widget-container\">\n\t\t\t<style>\/*! elementor - v3.23.0 - 15-07-2024 *\/\n.elementor-widget-text-editor.elementor-drop-cap-view-stacked .elementor-drop-cap{background-color:#69727d;color:#fff}.elementor-widget-text-editor.elementor-drop-cap-view-framed .elementor-drop-cap{color:#69727d;border:3px solid;background-color:transparent}.elementor-widget-text-editor:not(.elementor-drop-cap-view-default) .elementor-drop-cap{margin-top:8px}.elementor-widget-text-editor:not(.elementor-drop-cap-view-default) .elementor-drop-cap-letter{width:1em;height:1em}.elementor-widget-text-editor .elementor-drop-cap{float:left;text-align:center;line-height:1;font-size:50px}.elementor-widget-text-editor .elementor-drop-cap-letter{display:inline-block}<\/style>\t\t\t\t<p><b>CL\u00c1USULA INFORMATIVA<\/b><\/p>\n<p><b> <\/b><b><br><\/b><b>REGLAMENTO EUROPEO 679\/2016 DE PROTECCI\u00d3N DE DATOS PERSONALES<\/b><b><br><\/b><b>LEY ORG\u00c1NICA 3\/2018 DE PROTECCI\u00d3N DE DATOS PERSONALES Y GARANT\u00cdA DE LOS DERECHOS DIGITALES<\/b><\/p>\n<p><b>Responsable del Tratamiento<\/b><\/p>\n<p><span style=\"font-weight: 400;\">Le informamos que los datos personales que Usted nos proporciona son incorporados a un tratamiento de datos personales denominado <\/span><b>CONTACTOS WEB SITE<\/b><span style=\"font-weight: 400;\"> cuyo responsable es CLONEBYME S.L. con CIF B16350951 y con domicilio en&nbsp;<\/span>Calle Pintor Rivera, 57, Punta Calera, Los alc\u00e1zares, Murcia<span style=\"font-weight: 400;\">&nbsp;(ESPA\u00d1A). Puede contactar con el Responsable, bien por tel\u00e9fono en el n\u00famero 628 803 696 o bien mediante correo electr\u00f3nico en el buz\u00f3n info@clonebyme.com.<\/span><\/p>\n<p><b>Delegado de Protecci\u00f3n de Datos<\/b><\/p>\n<p><span style=\"font-weight: 400;\">No hay Delegado de Protecci\u00f3n de Datos designado.&nbsp;<\/span><\/p>\n<p><b>Finalidad del tratamiento<\/b><\/p>\n<p><span style=\"font-weight: 400;\">A trav\u00e9s de los formularios de toma de datos incluidos en el sitio web del responsable, las personas que lo deseen pueden enviar sus mensajes, solicitudes de informaci\u00f3n, peticiones, &#8230; etc&nbsp; acerca de los productos y\/o servicios ofrecidos por el responsable del tratamiento.<\/span><\/p>\n<p><b>Plazo de Conservaci\u00f3n<\/b><\/p>\n<p><span style=\"font-weight: 400;\">El plazo de conservaci\u00f3n es:&nbsp; Los datos personales se conservar\u00e1n hasta la retirada del consentimiento por parte del interesado.<\/span><\/p>\n<p><b>Decisiones automatizadas y elaboraci\u00f3n de perfiles<\/b><\/p>\n<p><span style=\"font-weight: 400;\">No existen decisiones automatizadas ni elaboraci\u00f3n de perfiles.<\/span><\/p>\n<p><b>Base Jur\u00eddica del Tratamiento<\/b><\/p>\n<p><span style=\"font-weight: 400;\">La legitimaci\u00f3n para la realizaci\u00f3n de este tratamiento radica en el consentimiento del interesado.<\/span><\/p>\n<p><b>Destinatarios de Cesiones<\/b><\/p>\n<p><span style=\"font-weight: 400;\">No se prev\u00e9n realizar cesiones a terceros, salvo aquellas que est\u00e1n autorizadas por ley.<\/span><\/p>\n<p><b>Transferencias Internacionales<\/b><\/p>\n<p><span style=\"font-weight: 400;\">No se realizan transferencias internacionales.<\/span><\/p>\n<p><b>Derechos de los interesados<\/b><\/p>\n<p><span style=\"font-weight: 400;\">Cualquier persona tiene derecho a obtener confirmaci\u00f3n sobre si estamos tratando datos personales que les conciernan, o no. Las personas interesadas tienen derecho a acceder a sus datos personales, as\u00ed como a solicitar la rectificaci\u00f3n de los datos inexactos o, en su caso, solicitar su supresi\u00f3n cuando, entre otros motivos, los datos ya no sean necesarios para los fines que fueron recogidos. En determinadas circunstancias, los interesados podr\u00e1n solicitar la limitaci\u00f3n del tratamiento de sus datos, en cuyo caso \u00fanicamente los conservaremos para el ejercicio o la defensa de reclamaciones. Por motivos relacionados con su situaci\u00f3n particular, los interesados podr\u00e1n oponerse al tratamiento de sus datos. El Responsable del fichero dejar\u00e1 de tratar los datos, salvo por motivos leg\u00edtimos imperiosos, o el ejercicio o la defensa de posibles reclamaciones. Tambi\u00e9n se informa al interesado que puede presentar una reclamaci\u00f3n ante la Autoridad de Control en materia de Protecci\u00f3n de Datos.<\/span><\/p>\t\t\t\t\t\t<\/div>\n\t\t\t\t<\/div>\n\t\t\t\t\t<\/div>\n\t\t<\/div>\n\t\t\t\t\t<\/div>\n\t\t<\/section>\n\t\t\t\t<\/div>\n\t\t","protected":false},"excerpt":{"rendered":"<p>CL\u00c1USULA INFORMATIVA REGLAMENTO EUROPEO 679\/2016 DE PROTECCI\u00d3N DE DATOS PERSONALESLEY ORG\u00c1NICA 3\/2018 DE PROTECCI\u00d3N DE DATOS PERSONALES Y GARANT\u00cdA DE LOS DERECHOS DIGITALES Responsable del Tratamiento Le informamos que los datos personales que Usted nos proporciona son incorporados a un tratamiento de datos personales denominado CONTACTOS WEB SITE cuyo responsable es CLONEBYME S.L. con CIF [&hellip;]<\/p>\n","protected":false},"author":1,"featured_media":0,"parent":0,"menu_order":0,"comment_status":"closed","ping_status":"closed","template":"elementor_header_footer","meta":{"footnotes":""},"class_list":["post-1707","page","type-page","status-publish","hentry"],"_links":{"self":[{"href":"https:\/\/clonebyme.com\/en\/wp-json\/wp\/v2\/pages\/1707","targetHints":{"allow":["GET"]}}],"collection":[{"href":"https:\/\/clonebyme.com\/en\/wp-json\/wp\/v2\/pages"}],"about":[{"href":"https:\/\/clonebyme.com\/en\/wp-json\/wp\/v2\/types\/page"}],"author":[{"embeddable":true,"href":"https:\/\/clonebyme.com\/en\/wp-json\/wp\/v2\/users\/1"}],"replies":[{"embeddable":true,"href":"https:\/\/clonebyme.com\/en\/wp-json\/wp\/v2\/comments?post=1707"}],"version-history":[{"count":17,"href":"https:\/\/clonebyme.com\/en\/wp-json\/wp\/v2\/pages\/1707\/revisions"}],"predecessor-version":[{"id":3085,"href":"https:\/\/clonebyme.com\/en\/wp-json\/wp\/v2\/pages\/1707\/revisions\/3085"}],"wp:attachment":[{"href":"https:\/\/clonebyme.com\/en\/wp-json\/wp\/v2\/media?parent=1707"}],"curies":[{"name":"wp","href":"https:\/\/api.w.org\/{rel}","templated":true}]}}