{"id":409,"date":"2023-08-28T21:20:48","date_gmt":"2023-08-28T21:20:48","guid":{"rendered":"https:\/\/clonebyme.com\/?page_id=409"},"modified":"2025-05-16T14:19:39","modified_gmt":"2025-05-16T14:19:39","slug":"aviso-legal","status":"publish","type":"page","link":"https:\/\/clonebyme.com\/es\/aviso-legal","title":{"rendered":"Aviso Legal"},"content":{"rendered":"<style>.elementor-409 .elementor-element.elementor-element-0100d70:not(.elementor-motion-effects-element-type-background), .elementor-409 .elementor-element.elementor-element-0100d70 > .elementor-motion-effects-container > .elementor-motion-effects-layer{background-color:#FFFFFF;}.elementor-409 .elementor-element.elementor-element-0100d70{transition:background 0.3s, border 0.3s, border-radius 0.3s, box-shadow 0.3s;padding:100px 100px 100px 100px;z-index:5;}.elementor-409 .elementor-element.elementor-element-0100d70 > .elementor-background-overlay{transition:background 0.3s, border-radius 0.3s, opacity 0.3s;}@media(max-width:1024px){.elementor-409 .elementor-element.elementor-element-cbc08cf{width:var( --container-widget-width, 630px );max-width:630px;--container-widget-width:630px;--container-widget-flex-grow:0;}}<\/style>\t\t<div data-elementor-type=\"wp-page\" data-elementor-id=\"409\" class=\"elementor elementor-409\">\n\t\t\t\t\t\t<section class=\"elementor-section elementor-top-section elementor-element elementor-element-0100d70 elementor-section-boxed elementor-section-height-default elementor-section-height-default\" data-id=\"0100d70\" data-element_type=\"section\" data-settings=\"{&quot;background_background&quot;:&quot;classic&quot;}\">\n\t\t\t\t\t\t<div class=\"elementor-container elementor-column-gap-default\">\n\t\t\t\t\t<div class=\"elementor-column elementor-col-100 elementor-top-column elementor-element elementor-element-3fbe2da\" data-id=\"3fbe2da\" data-element_type=\"column\">\n\t\t\t<div class=\"elementor-widget-wrap elementor-element-populated\">\n\t\t\t\t\t\t<div class=\"elementor-element elementor-element-cbc08cf elementor-widget-tablet__width-initial elementor-widget elementor-widget-text-editor\" data-id=\"cbc08cf\" data-element_type=\"widget\" data-widget_type=\"text-editor.default\">\n\t\t\t\t<div class=\"elementor-widget-container\">\n\t\t\t<style>\/*! elementor - v3.23.0 - 15-07-2024 *\/\n.elementor-widget-text-editor.elementor-drop-cap-view-stacked .elementor-drop-cap{background-color:#69727d;color:#fff}.elementor-widget-text-editor.elementor-drop-cap-view-framed .elementor-drop-cap{color:#69727d;border:3px solid;background-color:transparent}.elementor-widget-text-editor:not(.elementor-drop-cap-view-default) .elementor-drop-cap{margin-top:8px}.elementor-widget-text-editor:not(.elementor-drop-cap-view-default) .elementor-drop-cap-letter{width:1em;height:1em}.elementor-widget-text-editor .elementor-drop-cap{float:left;text-align:center;line-height:1;font-size:50px}.elementor-widget-text-editor .elementor-drop-cap-letter{display:inline-block}<\/style>\t\t\t\t<h5 style=\"text-align: center;\"><b>Aviso legal&nbsp;<\/b><\/h5>\n<p>El presente aviso legal establece las condiciones de uso y acceso al sitio web de <strong>CLONEBYME S.L.<\/strong> en cumplimiento de la Ley 34\/2002, de 11 de julio, de Servicios de la Sociedad de la Informaci\u00f3n y de Comercio Electr\u00f3nico (LSSI-CE).<\/p>\n<p><strong>Direcci\u00f3n:<\/strong> Calle Pintor Rivera, 57, Punta Calera, Los alc\u00e1zares, Murcia.<br><strong>NIF:<\/strong> B16350951<br><strong>Tel\u00e9fono:<\/strong> +34 628 803 696<br><strong>Correo electr\u00f3nico:<\/strong> <a rel=\"noopener\">info@clonebyme.com<\/a><br><strong>Sitio Web:<\/strong> <a href=\"\/es\/www.clonebyme.com\/\" rel=\"noopener\">www.clonebyme.com<\/a><\/p>\n<p>Al acceder y utilizar este sitio web, el usuario acepta plenamente los t\u00e9rminos y condiciones que se detallan a continuaci\u00f3n:<\/p>\n<ol>\n<li>\n<p><strong>Propiedad Intelectual:<\/strong><br>El contenido de este sitio web, incluyendo textos, im\u00e1genes, logotipos, gr\u00e1ficos, videos y cualquier otro material, est\u00e1 protegido por derechos de propiedad intelectual y pertenece a CLONEBYME S.L. o a terceros que han autorizado su uso. Queda estrictamente prohibida la reproducci\u00f3n, distribuci\u00f3n, modificaci\u00f3n o cualquier otro uso no autorizado del contenido sin el consentimiento expreso por escrito de CLONEBYME S.L.<\/p>\n<\/li>\n<li>\n<p><strong>Uso del sitio web:<\/strong><br>El usuario se compromete a utilizar este sitio web de manera responsable y de acuerdo con la legislaci\u00f3n vigente. No se permite el uso de este sitio web para actividades ilegales, difamatorias, obscenas o que infrinjan los derechos de terceros.<\/p>\n<\/li>\n<li>\n<p><strong>Enlaces externos:<\/strong><br>Este sitio web puede incluir enlaces a otros sitios web de terceros. CLONEBYME S.L. no asume ninguna responsabilidad por el contenido de dichos sitios web ni por cualquier da\u00f1o o perjuicio que pueda surgir del uso de los mismos.<\/p>\n<\/li>\n<li>\n<p><strong>Protecci\u00f3n de datos personales:<\/strong><br>CLONEBYME S.L. cumple con la normativa aplicable en materia de protecci\u00f3n de datos personales. Para obtener informaci\u00f3n detallada sobre c\u00f3mo se recopilan, utilizan y protegen los datos personales, consulte nuestra Pol\u00edtica de Privacidad.<\/p>\n<\/li>\n<li>\n<p><strong>Exclusi\u00f3n de responsabilidad:<\/strong><br>CLONEBYME S.L. no garantiza la disponibilidad, continuidad o acceso sin errores del sitio web, ni se hace responsable de cualquier da\u00f1o o perjuicio que pueda surgir del uso de la informaci\u00f3n o servicios proporcionados en el sitio web.<\/p>\n<\/li>\n<li>\n<p><strong>Modificaciones:<\/strong><br>CLONEBYME S.L. se reserva el derecho de modificar, actualizar o eliminar cualquier contenido o funcionalidad del sitio web en cualquier momento sin previo aviso.<\/p>\n<\/li>\n<li>\n<p><strong>Ley aplicable y jurisdicci\u00f3n:<\/strong><br>CLONEBYME S.L. se reserva, asimismo, la facultad de presentar las acciones civiles o penales que considere oportunas por la utilizaci\u00f3n indebida de su sitio web y contenidos, o por el incumplimiento de las presentes condiciones.<br>Este aviso legal se rige por las leyes del territorio espa\u00f1ol, y cualquier disputa que surja en relaci\u00f3n con este aviso legal estar\u00e1 sujeta a la jurisdicci\u00f3n exclusiva de los tribunales competentes en Murcia.<\/p>\n<\/li>\n<\/ol>\n<p>Si tiene alguna pregunta o consulta sobre este aviso legal, puede ponerse en contacto con <strong>CLONEBYME S.L.<\/strong> a trav\u00e9s de los canales de comunicaci\u00f3n proporcionados en el sitio web.<\/p>\t\t\t\t\t\t<\/div>\n\t\t\t\t<\/div>\n\t\t\t\t\t<\/div>\n\t\t<\/div>\n\t\t\t\t\t<\/div>\n\t\t<\/section>\n\t\t\t\t<\/div>","protected":false},"excerpt":{"rendered":"<p>Aviso legal&nbsp; El presente aviso legal establece las condiciones de uso y acceso al sitio web de CLONEBYME S.L. en cumplimiento de la Ley 34\/2002, de 11 de julio, de Servicios de la Sociedad de la Informaci\u00f3n y de Comercio Electr\u00f3nico (LSSI-CE). Direcci\u00f3n: Calle Pintor Rivera, 57, Punta Calera, Los alc\u00e1zares, Murcia.NIF: B16350951Tel\u00e9fono: +34 628 [&hellip;]<\/p>","protected":false},"author":1,"featured_media":0,"parent":0,"menu_order":0,"comment_status":"closed","ping_status":"closed","template":"elementor_header_footer","meta":{"footnotes":""},"class_list":["post-409","page","type-page","status-publish","hentry"],"_links":{"self":[{"href":"https:\/\/clonebyme.com\/es\/wp-json\/wp\/v2\/pages\/409","targetHints":{"allow":["GET"]}}],"collection":[{"href":"https:\/\/clonebyme.com\/es\/wp-json\/wp\/v2\/pages"}],"about":[{"href":"https:\/\/clonebyme.com\/es\/wp-json\/wp\/v2\/types\/page"}],"author":[{"embeddable":true,"href":"https:\/\/clonebyme.com\/es\/wp-json\/wp\/v2\/users\/1"}],"replies":[{"embeddable":true,"href":"https:\/\/clonebyme.com\/es\/wp-json\/wp\/v2\/comments?post=409"}],"version-history":[{"count":28,"href":"https:\/\/clonebyme.com\/es\/wp-json\/wp\/v2\/pages\/409\/revisions"}],"predecessor-version":[{"id":3082,"href":"https:\/\/clonebyme.com\/es\/wp-json\/wp\/v2\/pages\/409\/revisions\/3082"}],"wp:attachment":[{"href":"https:\/\/clonebyme.com\/es\/wp-json\/wp\/v2\/media?parent=409"}],"curies":[{"name":"wp","href":"https:\/\/api.w.org\/{rel}","templated":true}]}}